{"id":415,"date":"2015-10-16T07:28:23","date_gmt":"2015-10-16T05:28:23","guid":{"rendered":"http:\/\/lmeq-systems.de\/fraktion\/?page_id=415"},"modified":"2022-02-28T10:06:55","modified_gmt":"2022-02-28T09:06:55","slug":"dagmar-kick","status":"publish","type":"page","link":"https:\/\/spd-stadtrat.de\/?page_id=415","title":{"rendered":"Alexander Irmisch"},"content":{"rendered":"\n<div class=\"wp-block-image\"><figure class=\"aligncenter size-large\"><a href=\"https:\/\/spd-stadtrat.de\/wp-content\/uploads\/2022\/02\/Irmisch-Hp.jpg\"><img loading=\"lazy\" width=\"320\" height=\"240\" src=\"https:\/\/spd-stadtrat.de\/wp-content\/uploads\/2022\/02\/Irmisch-Hp.jpg\" alt=\"\" class=\"wp-image-5439\" srcset=\"https:\/\/spd-stadtrat.de\/wp-content\/uploads\/2022\/02\/Irmisch-Hp.jpg 320w, https:\/\/spd-stadtrat.de\/wp-content\/uploads\/2022\/02\/Irmisch-Hp-300x225.jpg 300w\" sizes=\"(max-width: 320px) 100vw, 320px\" \/><\/a><\/figure><\/div>\n\n\n\n<p>Alexander Irmisch wurde 1975 in Neubrandenburg geboren und wuchs in Berlin und Halle auf.<br>Nach seinem Abitur in Halle kam er am 01.10.1994 nach Regensburg, um hier seinen Wehrdienst anzutreten.  Nach seiner Grundausbildung verpflichtete er sich als Zeitsoldat und nahm mit dem in Regensburg stationierten Kommandostab des Kommando Luftbewegliche Kr\u00e4fte\/4. Division von 1995 bis 1998 an verschiedenen, mehrmonatigen Auslandseins\u00e4tzen im ehemaligen Jugoslawien teil.<\/p>\n\n\n\n<p>Ab 1998 studierte er an der Universit\u00e4t Regensburg Jura und sp\u00e4ter noch Politikwissenschaften. W\u00e4hrend seines Studiums engagierte er sich u.a. hochschulpolitisch als Fachschaftssprecher an der Juristischen Fakult\u00e4t.<\/p>\n\n\n\n<p>Zur Finanzierung seines Studiums arbeitete er in Gastronomie und blieb dieser bis heute verbunden. Aktuell betreibt er mit einem Kompagnon die \u201eSchierstadt\u201c in Stadtamhof.<\/p>\n\n\n\n<p>Der SPD geh\u00f6rt Alexander Irmisch seit 2017 an, 2020 kandidierte er erstmals f\u00fcr die Regensburger SPD bei der Kommunalwahl auf Listenplatz.<br>In der SPD ist er in verschiedensten Gremien Kommunal- bis Bundesebene aktiv.<\/p>\n\n\n\n<p>Seit 2021 ist er Co-Vorsitzender des SPD-Ortsvereins Regensburg-Altstadt.<\/p>\n\n\n\n<p>Seit 2019 ist er Bezirksvorsitzender der AG SPDqueer Oberpfalz und seit 2021 zudem stellvertretender Bundesvorsitzender der SPDqueer, die sich f\u00fcr die Gleichstellung und Akzeptanz von LSBTIQ* einsetzt.<br>Zudem geh\u00f6rt er dem Oberpf\u00e4lzer SPD-Bezirksvorstand, dem Regensburger SPD-Unterbezirksvorstand und als Orga-Beauftragter dem Regensburger SPD-Stadtverbandsvorstand an.<\/p>\n\n\n\n<p>Neben seinen Aktivit\u00e4ten in der SPD ist er Vorsitzender des Vereins Pro Stadtamhof e.V. &#8211; einem Zusammenschluss der Gewerbetreibenden in Stadtamhof.<\/p>\n\n\n\n<p>Sein besonderes Interesse gilt dem Kampf um die Rechte f\u00fcr LSBTIQ* und deren Sichtbarkeit in der Gesellschaft.<\/p>\n\n\n\n<p>Daf\u00fcr engagiert er sich u.a. als einer der Landesvorst\u00e4nde im LSVD Bayern (Lesben- und Schwulenverband Deutschlands &#8211; Landesverband Bayern), als Vorsitzender im Verein equality Oberpfalz e.V. und beim Regensburger QUEER-Streifen-Filmfestival.<\/p>\n\n\n\n<p>Aufgrund seiner pers\u00f6nlichen, famili\u00e4ren Geschichte &#8211; ein Gro\u00dfvater \u00fcberlebte als Widerstandsk\u00e4mpfer gegen die Nazi-Diktatur nur knapp die Gefangenschaft und Folter im KZ Buchenwald &#8211; ist f\u00fcr Alexander Irmisch der Kampf gegen Rassismus, Antisemitismus, Faschismus und Rechtsextremismus dauerhafte Verpflichtung.<\/p>\n\n\n\n<p>Seine wenige Freizeit verbringt er mit Sport und auf Konzerten oder mit B\u00fcchern.<\/p>\n\n\n\n<p>Kontakt:<br>Alexander Irmisch<br>Obere Bachgasse 12<br>93047 Regensburg<\/p>\n\n\n\n<p>Teil.: \u00a0\u00a0\u00a0\u00a0\u00a0\u00a0\u00a0\u00a0\u00a0\u00a0\u00a0\u00a0\u00a0\u00a0 0171 \/ 5426329<br>E-Mail:\u00a0\u00a0\u00a0\u00a0\u00a0\u00a0\u00a0\u00a0\u00a0\u00a0\u00a0 <a href=\"mailto:alexander.irmisch@gmx.de\">alexander.irmisch@gmx.de<\/a> <\/p>\n","protected":false},"excerpt":{"rendered":"<p>Alexander Irmisch wurde 1975 in Neubrandenburg geboren und wuchs in Berlin und Halle auf.Nach seinem Abitur in Halle kam er am 01.10.1994 nach Regensburg, um hier seinen Wehrdienst anzutreten. Nach seiner Grundausbildung verpflichtete er sich als Zeitsoldat und nahm mit<\/p>\n","protected":false},"author":3,"featured_media":0,"parent":300,"menu_order":0,"comment_status":"closed","ping_status":"closed","template":"","meta":{"ngg_post_thumbnail":0},"_links":{"self":[{"href":"https:\/\/spd-stadtrat.de\/index.php?rest_route=\/wp\/v2\/pages\/415"}],"collection":[{"href":"https:\/\/spd-stadtrat.de\/index.php?rest_route=\/wp\/v2\/pages"}],"about":[{"href":"https:\/\/spd-stadtrat.de\/index.php?rest_route=\/wp\/v2\/types\/page"}],"author":[{"embeddable":true,"href":"https:\/\/spd-stadtrat.de\/index.php?rest_route=\/wp\/v2\/users\/3"}],"replies":[{"embeddable":true,"href":"https:\/\/spd-stadtrat.de\/index.php?rest_route=%2Fwp%2Fv2%2Fcomments&post=415"}],"version-history":[{"count":13,"href":"https:\/\/spd-stadtrat.de\/index.php?rest_route=\/wp\/v2\/pages\/415\/revisions"}],"predecessor-version":[{"id":5442,"href":"https:\/\/spd-stadtrat.de\/index.php?rest_route=\/wp\/v2\/pages\/415\/revisions\/5442"}],"up":[{"embeddable":true,"href":"https:\/\/spd-stadtrat.de\/index.php?rest_route=\/wp\/v2\/pages\/300"}],"wp:attachment":[{"href":"https:\/\/spd-stadtrat.de\/index.php?rest_route=%2Fwp%2Fv2%2Fmedia&parent=415"}],"curies":[{"name":"wp","href":"https:\/\/api.w.org\/{rel}","templated":true}]}}