{"id":427,"date":"2015-10-16T07:37:43","date_gmt":"2015-10-16T05:37:43","guid":{"rendered":"http:\/\/lmeq-systems.de\/fraktion\/?page_id=427"},"modified":"2020-05-27T14:20:53","modified_gmt":"2020-05-27T12:20:53","slug":"gertrud-maltz-schwarzfischer","status":"publish","type":"page","link":"https:\/\/spd-stadtrat.de\/?page_id=427","title":{"rendered":"Gertrud Maltz-Schwarzfischer"},"content":{"rendered":"<p>&nbsp;<\/p>\n<p><a href=\"http:\/\/spd-stadtrat.de\/?attachment_id=4318\" rel=\"attachment wp-att-4318\"><img loading=\"lazy\" class=\"size-full wp-image-4318 aligncenter\" src=\"http:\/\/spd-stadtrat.de\/wp-content\/uploads\/2020\/05\/2020-Maltz-Schwarzfischer1.jpg\" alt=\"\" width=\"300\" height=\"222\"><\/a><\/p>\n<div id=\"main-wrapper\" class=\"main-content\" role=\"main\">\n<div class=\"container-fluid\">\n<div class=\"row linguatec_read_area\">\n<div class=\"col-sm-12 col-md-12 col-lg-8\">\n<div class=\"box box-content box-solid\">\n<article>\n<div class=\"article-box\">\n<div class=\"list-item list-item--text\">\n<article class=\"list-item-article\">\n<div class=\"list-item-teaser\">\n<p>Geboren wurde Gertrud Maltz-Schwarzfischer in M\u00fcnchberg in Oberfranken. In Selb besuchte sie die Volksschule, 1970 zog die Familie nach Regensburg. Sie besuchte das Von- M\u00fcller- Gymnasium und studierte nach dem Abitur an der Universit\u00e4t Regensburg Vor- und Fr\u00fchgeschichte und Klassische Arch\u00e4ologie mit Abschluss Magister Artium. Nach Mitarbeit bei verschiedenen Museums- und Denkmalpflegeprojekten, Familienpause und langj\u00e4hriger Arbeit bei Firmen f\u00fcr arch\u00e4ologische Ausgrabungen und Computerdokumentationen im Raum Regensburg war sie als freiberufliche Arch\u00e4ologin t\u00e4tig.<\/p>\n<p>Seit 1995 ist sie Mitglied der SPD. Seither hatte sie zahlreiche Partei\u00e4mter inne, derzeit ist sie im Vorstand des SPD-Ortsvereins Innerer Westen, stellvertretende Vorsitzende der Arbeitsgemeinschaft sozialdemokratischer Frauen ASF Regensburg und stellvertretende Landesvorsitzende der AsF.<\/p>\n<p>Schwerpunkte ihrer politischen Arbeit setzte sie in der Frauen, Sozial- und Integrationspolitik, aber auch in der Schul-, der Kultur-, der Umweltpolitik und bei der Stadtplanung. Die gleichberechtigte Teilhabe aller am Leben in der Stadt sind ihr ein Anliegen. Wichtig ist ihr dabei der Dialog mit B\u00fcrgerinnen und B\u00fcrgern.<\/p>\n<p>Seit 2008 war sie im Stadtrat&nbsp;als stellvertretende Fraktionsvorsitzende und Sprecherin der Fraktion im Sozialausschuss, Mitglied im Planungsausschuss, im Schulausschuss und im Kulturausschuss t\u00e4tig. Ferner war sie beratendes Mitglied des Ausl\u00e4nderbeirates, Mitglied der Arbeitsgruppe Radverkehr und geh\u00f6rte dem Verwaltungsrat des Theaters und dem Aufsichtsrat der Regensburg Tourismus GmbH an.<\/p>\n<p>Am 8. Mai 2014 wurde Gertrud Maltz-Schwarzfischer zur zweiten B\u00fcrgermeisterin gew\u00e4hlt. Neben der allgemeinen Vertretung des Oberb\u00fcrgermeisters oblag ihr das Amt f\u00fcr Jugend und Familie, das Sozialamt und das Seniorenamt sowie die fachliche Zust\u00e4ndigkeit f\u00fcr das Job-Center und die Regensburg SeniorenStift gemeinn\u00fctzige GmbH.&nbsp;Sie geh\u00f6rte als weitere stellvertretende Vorsitzende dem Verwaltungsrat der Sparkasse Regensburg an sowie dem Aufsichtsrat der Stadtwerke Regensburg, der Regensburg SeniorenStift gGmbH und der Tr\u00e4gerversammlung des Jobcenters.<\/p>\n<p>Seit der vorl\u00e4ufigen Dienstenthebung von Joachim Wolbergs am 27. Januar 2017 f\u00fchrte Gertrud Maltz-Schwarzfischer nach der in der Bayerischen Gemeindeordnung vorgesehenen Vertretungsregelung die Amtsgesch\u00e4fte des Oberb\u00fcrgermeisters. Bei den Kommunalwahlen 2020 wurde sie in der Stichwahl am 29. M\u00e4rz zur Oberb\u00fcrgermeisterin gew\u00e4hlt.<\/p>\n<p>Seit vielen Jahren unterst\u00fctzt sie als Mitglied zahlreiche Organisationen wie Regensburger Eltern e.V., Frauennotruf, Arbeitskreis Kultur Regensburger B\u00fcrger, Kunstverein GRAZ, Kunst- und Gewerbeverein und Landesbund f\u00fcr Vogelschutz. Entspannung findet sie beim Lesen, bei Gartenarbeit, im Kino, Theater oder bei Konzerten, vor allem aber beim Zusammensein mit Familie und Freunden.<\/p>\n<\/div>\n<\/article>\n<\/div>\n<\/div>\n<\/article>\n<\/div>\n<\/div>\n<\/div>\n<\/div>\n<\/div>\n\n\n<p class=\"has-text-align-center\"><\/p>\n","protected":false},"excerpt":{"rendered":"<p>&nbsp; Geboren wurde Gertrud Maltz-Schwarzfischer in M\u00fcnchberg in Oberfranken. In Selb besuchte sie die Volksschule, 1970 zog die Familie nach Regensburg. Sie besuchte das Von- M\u00fcller- Gymnasium und studierte nach dem Abitur an der Universit\u00e4t Regensburg Vor- und Fr\u00fchgeschichte und<\/p>\n","protected":false},"author":3,"featured_media":0,"parent":300,"menu_order":0,"comment_status":"closed","ping_status":"closed","template":"","meta":{"ngg_post_thumbnail":0},"_links":{"self":[{"href":"https:\/\/spd-stadtrat.de\/index.php?rest_route=\/wp\/v2\/pages\/427"}],"collection":[{"href":"https:\/\/spd-stadtrat.de\/index.php?rest_route=\/wp\/v2\/pages"}],"about":[{"href":"https:\/\/spd-stadtrat.de\/index.php?rest_route=\/wp\/v2\/types\/page"}],"author":[{"embeddable":true,"href":"https:\/\/spd-stadtrat.de\/index.php?rest_route=\/wp\/v2\/users\/3"}],"replies":[{"embeddable":true,"href":"https:\/\/spd-stadtrat.de\/index.php?rest_route=%2Fwp%2Fv2%2Fcomments&post=427"}],"version-history":[{"count":7,"href":"https:\/\/spd-stadtrat.de\/index.php?rest_route=\/wp\/v2\/pages\/427\/revisions"}],"predecessor-version":[{"id":4421,"href":"https:\/\/spd-stadtrat.de\/index.php?rest_route=\/wp\/v2\/pages\/427\/revisions\/4421"}],"up":[{"embeddable":true,"href":"https:\/\/spd-stadtrat.de\/index.php?rest_route=\/wp\/v2\/pages\/300"}],"wp:attachment":[{"href":"https:\/\/spd-stadtrat.de\/index.php?rest_route=%2Fwp%2Fv2%2Fmedia&parent=427"}],"curies":[{"name":"wp","href":"https:\/\/api.w.org\/{rel}","templated":true}]}}