{"id":533,"date":"2015-10-19T09:40:30","date_gmt":"2015-10-19T07:40:30","guid":{"rendered":"http:\/\/lmeq-systems.de\/fraktion\/?page_id=533"},"modified":"2020-05-26T07:02:33","modified_gmt":"2020-05-26T05:02:33","slug":"aufsichtsrat-der-stadtwerke-regensburg-gmbh-swr","status":"publish","type":"page","link":"https:\/\/spd-stadtrat.de\/?page_id=533","title":{"rendered":"Aufsichtsrat der das Stadtwerk. Regensburg GmbH"},"content":{"rendered":"<p>Unser Aufsichtsratsmitglied:<\/p>\n<p style=\"text-align: center;\"><a href=\"http:\/\/spd-stadtrat.de\/?attachment_id=4184\" rel=\"attachment wp-att-4184\"><img loading=\"lazy\" class=\"size-medium wp-image-4184 aligncenter\" src=\"http:\/\/spd-stadtrat.de\/wp-content\/uploads\/2020\/05\/2020-Holler-300x225.jpg\" alt=\"\" width=\"300\" height=\"225\" srcset=\"https:\/\/spd-stadtrat.de\/wp-content\/uploads\/2020\/05\/2020-Holler-300x225.jpg 300w, https:\/\/spd-stadtrat.de\/wp-content\/uploads\/2020\/05\/2020-Holler-768x576.jpg 768w, https:\/\/spd-stadtrat.de\/wp-content\/uploads\/2020\/05\/2020-Holler-600x450.jpg 600w, https:\/\/spd-stadtrat.de\/wp-content\/uploads\/2020\/05\/2020-Holler.jpg 1024w\" sizes=\"(max-width: 300px) 100vw, 300px\" \/><\/a>Hans Holler<\/p>\n<p style=\"text-align: center;\">Der Aufsichtsrat der das Stadtwerk.Regensburg GmbH ist personengleich auch f\u00fcr die weiteren Tochterunternehmen das Stadtwerk Regensburg.Mobilit\u00e4t GmbH, das Stadtwerk Regensburg.B\u00e4der und Arenen GmbH, das Stadtwerk Regensburg.Fahrzeuge und Technik GmbH und das Stadtwerk Regensburg.Dienstleistungen GmbH <span style=\"font-size: inherit;\">&nbsp;zust\u00e4ndig.<\/span><\/p>\n<p>&nbsp;<\/p>\n<p>&nbsp;<\/p>\n","protected":false},"excerpt":{"rendered":"<p>Unser Aufsichtsratsmitglied: Hans Holler Der Aufsichtsrat der das Stadtwerk.Regensburg GmbH ist personengleich auch f\u00fcr die weiteren Tochterunternehmen das Stadtwerk Regensburg.Mobilit\u00e4t GmbH, das Stadtwerk Regensburg.B\u00e4der und Arenen GmbH, das Stadtwerk Regensburg.Fahrzeuge und Technik GmbH und das Stadtwerk Regensburg.Dienstleistungen GmbH &nbsp;zust\u00e4ndig. &nbsp;<\/p>\n","protected":false},"author":3,"featured_media":0,"parent":521,"menu_order":0,"comment_status":"closed","ping_status":"closed","template":"","meta":{"ngg_post_thumbnail":0},"_links":{"self":[{"href":"https:\/\/spd-stadtrat.de\/index.php?rest_route=\/wp\/v2\/pages\/533"}],"collection":[{"href":"https:\/\/spd-stadtrat.de\/index.php?rest_route=\/wp\/v2\/pages"}],"about":[{"href":"https:\/\/spd-stadtrat.de\/index.php?rest_route=\/wp\/v2\/types\/page"}],"author":[{"embeddable":true,"href":"https:\/\/spd-stadtrat.de\/index.php?rest_route=\/wp\/v2\/users\/3"}],"replies":[{"embeddable":true,"href":"https:\/\/spd-stadtrat.de\/index.php?rest_route=%2Fwp%2Fv2%2Fcomments&post=533"}],"version-history":[{"count":6,"href":"https:\/\/spd-stadtrat.de\/index.php?rest_route=\/wp\/v2\/pages\/533\/revisions"}],"predecessor-version":[{"id":4380,"href":"https:\/\/spd-stadtrat.de\/index.php?rest_route=\/wp\/v2\/pages\/533\/revisions\/4380"}],"up":[{"embeddable":true,"href":"https:\/\/spd-stadtrat.de\/index.php?rest_route=\/wp\/v2\/pages\/521"}],"wp:attachment":[{"href":"https:\/\/spd-stadtrat.de\/index.php?rest_route=%2Fwp%2Fv2%2Fmedia&parent=533"}],"curies":[{"name":"wp","href":"https:\/\/api.w.org\/{rel}","templated":true}]}}