{"id":577,"date":"2015-10-19T12:37:42","date_gmt":"2015-10-19T10:37:42","guid":{"rendered":"http:\/\/lmeq-systems.de\/fraktion\/?page_id=577"},"modified":"2020-05-20T14:46:48","modified_gmt":"2020-05-20T12:46:48","slug":"aufsichtsrat-verwaltungsrat-verbandsrat-2","status":"publish","type":"page","link":"https:\/\/spd-stadtrat.de\/?page_id=577","title":{"rendered":"St\u00e4dtische Beteiligungen"},"content":{"rendered":"<p><strong>\u00dcbersicht \u00fcber die st\u00e4dtischen Beteiligungen:<\/strong><\/p>\n<figure id=\"attachment_1172\" aria-describedby=\"caption-attachment-1172\" style=\"width: 1249px\" class=\"wp-caption aligncenter\"><a href=\"http:\/\/spd-stadtrat.de\/wp-content\/uploads\/2015\/11\/St\u00e4dtische-Beteiligungen-Quelle-Stadt-Regensburg.jpg\"><img loading=\"lazy\" class=\"size-full wp-image-1172\" src=\"http:\/\/spd-stadtrat.de\/wp-content\/uploads\/2015\/11\/St\u00e4dtische-Beteiligungen-Quelle-Stadt-Regensburg.jpg\" alt=\"Grafik: Stadt Regensburg, Beteiligungsbericht\" width=\"1249\" height=\"836\" srcset=\"https:\/\/spd-stadtrat.de\/wp-content\/uploads\/2015\/11\/St\u00e4dtische-Beteiligungen-Quelle-Stadt-Regensburg.jpg 1249w, https:\/\/spd-stadtrat.de\/wp-content\/uploads\/2015\/11\/St\u00e4dtische-Beteiligungen-Quelle-Stadt-Regensburg-300x201.jpg 300w, https:\/\/spd-stadtrat.de\/wp-content\/uploads\/2015\/11\/St\u00e4dtische-Beteiligungen-Quelle-Stadt-Regensburg-1024x685.jpg 1024w, https:\/\/spd-stadtrat.de\/wp-content\/uploads\/2015\/11\/St\u00e4dtische-Beteiligungen-Quelle-Stadt-Regensburg-600x402.jpg 600w\" sizes=\"(max-width: 1249px) 100vw, 1249px\" \/><\/a><figcaption id=\"caption-attachment-1172\" class=\"wp-caption-text\">Grafik: Stadt Regensburg, Beteiligungsbericht<\/figcaption><\/figure>\n<p>F\u00fcr die st\u00e4dtischen Tochterunternehmen und Beteiligungen bestehen je nach Rechtsform unterschiedliche Aufsichtsgremien (Aufsichtsrat, Verwaltungsrat, Verbandsversammlung&nbsp;etc.), in die als Vertreter des Eigent\u00fcmers\/Anteilseigners Stadt Regensburg&nbsp;in der Regel Mitglieder des Stadtrates entsandt werden.<\/p>\n<p>Den Vorsitz in diesen Aufsichtsgremien f\u00fchrt die Oberb\u00fcrgermeisterin.<\/p>\n<p>&nbsp;<\/p>\n","protected":false},"excerpt":{"rendered":"<p>\u00dcbersicht \u00fcber die st\u00e4dtischen Beteiligungen: F\u00fcr die st\u00e4dtischen Tochterunternehmen und Beteiligungen bestehen je nach Rechtsform unterschiedliche Aufsichtsgremien (Aufsichtsrat, Verwaltungsrat, Verbandsversammlung&nbsp;etc.), in die als Vertreter des Eigent\u00fcmers\/Anteilseigners Stadt Regensburg&nbsp;in der Regel Mitglieder des Stadtrates entsandt werden. Den Vorsitz in diesen Aufsichtsgremien<\/p>\n","protected":false},"author":3,"featured_media":0,"parent":521,"menu_order":0,"comment_status":"closed","ping_status":"closed","template":"","meta":{"ngg_post_thumbnail":0},"_links":{"self":[{"href":"https:\/\/spd-stadtrat.de\/index.php?rest_route=\/wp\/v2\/pages\/577"}],"collection":[{"href":"https:\/\/spd-stadtrat.de\/index.php?rest_route=\/wp\/v2\/pages"}],"about":[{"href":"https:\/\/spd-stadtrat.de\/index.php?rest_route=\/wp\/v2\/types\/page"}],"author":[{"embeddable":true,"href":"https:\/\/spd-stadtrat.de\/index.php?rest_route=\/wp\/v2\/users\/3"}],"replies":[{"embeddable":true,"href":"https:\/\/spd-stadtrat.de\/index.php?rest_route=%2Fwp%2Fv2%2Fcomments&post=577"}],"version-history":[{"count":6,"href":"https:\/\/spd-stadtrat.de\/index.php?rest_route=\/wp\/v2\/pages\/577\/revisions"}],"predecessor-version":[{"id":4230,"href":"https:\/\/spd-stadtrat.de\/index.php?rest_route=\/wp\/v2\/pages\/577\/revisions\/4230"}],"up":[{"embeddable":true,"href":"https:\/\/spd-stadtrat.de\/index.php?rest_route=\/wp\/v2\/pages\/521"}],"wp:attachment":[{"href":"https:\/\/spd-stadtrat.de\/index.php?rest_route=%2Fwp%2Fv2%2Fmedia&parent=577"}],"curies":[{"name":"wp","href":"https:\/\/api.w.org\/{rel}","templated":true}]}}